{"id":2961,"date":"2011-08-31T19:17:41","date_gmt":"2011-08-31T18:17:41","guid":{"rendered":"https:\/\/www.familie-hotels.at\/e\/?page_id=2961"},"modified":"2013-06-25T14:44:54","modified_gmt":"2013-06-25T13:44:54","slug":"home","status":"publish","type":"page","link":"https:\/\/www.familie-hotels.at\/e\/","title":{"rendered":"G\u00fcnstige Angebote f\u00fcr Ihren Familienurlaub in \u00d6sterreich"},"content":{"rendered":"<p>G\u00fcnstige Angebote f\u00fcr Ihren Familienurlaub in \u00d6sterreich<\/p>\n","protected":false},"excerpt":{"rendered":"<p>G\u00fcnstige Angebote f\u00fcr Ihren Familienurlaub in \u00d6sterreich<\/p>\n","protected":false},"author":3,"featured_media":0,"parent":0,"menu_order":0,"comment_status":"closed","ping_status":"open","template":"","meta":[],"_links":{"self":[{"href":"https:\/\/www.familie-hotels.at\/e\/wp-json\/wp\/v2\/pages\/2961"}],"collection":[{"href":"https:\/\/www.familie-hotels.at\/e\/wp-json\/wp\/v2\/pages"}],"about":[{"href":"https:\/\/www.familie-hotels.at\/e\/wp-json\/wp\/v2\/types\/page"}],"author":[{"embeddable":true,"href":"https:\/\/www.familie-hotels.at\/e\/wp-json\/wp\/v2\/users\/3"}],"replies":[{"embeddable":true,"href":"https:\/\/www.familie-hotels.at\/e\/wp-json\/wp\/v2\/comments?post=2961"}],"version-history":[{"count":6,"href":"https:\/\/www.familie-hotels.at\/e\/wp-json\/wp\/v2\/pages\/2961\/revisions"}],"predecessor-version":[{"id":3426,"href":"https:\/\/www.familie-hotels.at\/e\/wp-json\/wp\/v2\/pages\/2961\/revisions\/3426"}],"wp:attachment":[{"href":"https:\/\/www.familie-hotels.at\/e\/wp-json\/wp\/v2\/media?parent=2961"}],"curies":[{"name":"wp","href":"https:\/\/api.w.org\/{rel}","templated":true}]}}