{"id":3074,"date":"2011-09-15T19:11:17","date_gmt":"2011-09-15T18:11:17","guid":{"rendered":"https:\/\/www.familie-hotels.at\/e\/?page_id=3074"},"modified":"2023-04-19T11:40:47","modified_gmt":"2023-04-19T10:40:47","slug":"impressum","status":"publish","type":"page","link":"https:\/\/www.familie-hotels.at\/e\/impressum\/","title":{"rendered":"Impressum"},"content":{"rendered":"<h1>Impressum \u2013 Information gem\u00e4\u00df \u00a75 Abs 1 ECG, Offenlegungspflicht gem\u00e4\u00df \u00a725 Mediengesetz<\/h1>\n<h2>F\u00fcr den Inhalt verantwortlich<\/h2>\n<p><strong>e-consulting Hotelportale GmbH<\/strong><br \/>\nGesch\u00e4ftsf\u00fchrer: Mag. Alexander M. Jungwirth<br \/>\nUnternehmensgegenstand: Werbeagentur<br \/>\nFachgruppe: Fachverband Unternehmensberatung, Buchhaltung &amp; Informationstechnologie<br \/>\nBeh\u00f6rde: Bezirkshauptmannschaft V\u00f6cklabruck<br \/>\nFirmenbuchnummer: FN 507335 g<br \/>\nFirmenbuchgericht: Landesgericht Wels<br \/>\nUID: ATU74161346<\/p>\n<p>Firmensitz \/ B\u00fcro Attergau: Kottulinskystra\u00dfe 7 | 4880 St. Georgen im Attergau<br \/>\nB\u00fcro Hausruck: Wieszaun 32 | 4901 Ottnang am Hausruck<\/p>\n<p><strong>Mail<\/strong>: Info(a)e-consulting.at<br \/>\n<strong>Tel\/Fax<\/strong>.: +43 (0) 76 67 \/ 80 003<br \/>\n<strong>Web<\/strong>: <a title=\"Hotelportale by e-consulting\" href=\"https:\/\/hotelportale.e-consulting.at\" target=\"_blank\" rel=\"noopener\">https:\/\/hotelportale.e-consulting.at<\/a><\/p>\n<p><strong>Bankverbindung<\/strong>:<br \/>\nIBAN: AT16 3436 3000 0111 2598<br \/>\nBIC: RZOOAT2L363<\/p>\n","protected":false},"excerpt":{"rendered":"<p>Impressum \u2013 Information gem\u00e4\u00df \u00a75 Abs 1 ECG, Offenlegungspflicht gem\u00e4\u00df \u00a725 Mediengesetz F\u00fcr den Inhalt verantwortlich e-consulting Hotelportale GmbH Gesch\u00e4ftsf\u00fchrer: Mag. Alexander M. Jungwirth Unternehmensgegenstand: Werbeagentur Fachgruppe: Fachverband Unternehmensberatung, Buchhaltung &amp; Informationstechnologie Beh\u00f6rde: Bezirkshauptmannschaft V\u00f6cklabruck Firmenbuchnummer: FN 507335 g Firmenbuchgericht: Landesgericht Wels UID: ATU74161346 Firmensitz \/ B\u00fcro Attergau: Kottulinskystra\u00dfe 7 | 4880 St. Georgen im [&hellip;]<\/p>\n","protected":false},"author":1,"featured_media":0,"parent":0,"menu_order":0,"comment_status":"closed","ping_status":"open","template":"","meta":[],"_links":{"self":[{"href":"https:\/\/www.familie-hotels.at\/e\/wp-json\/wp\/v2\/pages\/3074"}],"collection":[{"href":"https:\/\/www.familie-hotels.at\/e\/wp-json\/wp\/v2\/pages"}],"about":[{"href":"https:\/\/www.familie-hotels.at\/e\/wp-json\/wp\/v2\/types\/page"}],"author":[{"embeddable":true,"href":"https:\/\/www.familie-hotels.at\/e\/wp-json\/wp\/v2\/users\/1"}],"replies":[{"embeddable":true,"href":"https:\/\/www.familie-hotels.at\/e\/wp-json\/wp\/v2\/comments?post=3074"}],"version-history":[{"count":13,"href":"https:\/\/www.familie-hotels.at\/e\/wp-json\/wp\/v2\/pages\/3074\/revisions"}],"predecessor-version":[{"id":3896,"href":"https:\/\/www.familie-hotels.at\/e\/wp-json\/wp\/v2\/pages\/3074\/revisions\/3896"}],"wp:attachment":[{"href":"https:\/\/www.familie-hotels.at\/e\/wp-json\/wp\/v2\/media?parent=3074"}],"curies":[{"name":"wp","href":"https:\/\/api.w.org\/{rel}","templated":true}]}}